{"id":3245,"date":"2024-12-20T13:39:42","date_gmt":"2024-12-20T13:39:42","guid":{"rendered":"https:\/\/symbiotica.cl\/?page_id=3245"},"modified":"2025-05-14T22:42:47","modified_gmt":"2025-05-14T22:42:47","slug":"fundacion","status":"publish","type":"page","link":"https:\/\/symbiotica.cl\/?page_id=3245","title":{"rendered":"Fundaci\u00f3n"},"content":{"rendered":"<div id='av_section_1' class='avia-section main_color avia-section-default avia-no-border-styling avia-bg-style-scroll  avia-builder-el-0  el_before_av_section  avia-builder-el-first    av-minimum-height av-minimum-height-50  container_wrap sidebar_right' style='background-repeat: no-repeat; background-image: url(https:\/\/symbiotica.cl\/wp-content\/uploads\/2025\/01\/Proyectograntssymbioticasp-24.jpg);background-attachment: scroll; background-position: center center;  '  data-section-bg-repeat='no-repeat' data-av_minimum_height_pc='50'><div class='container' ><main  role=\"main\" itemprop=\"mainContentOfPage\"  class='template-page content  av-content-small alpha units'><div class='post-entry post-entry-type-page post-entry-3245'><div class='entry-content-wrapper clearfix'>\n<\/div><\/div><\/main><!-- close content main element --><\/div><\/div><div id='team-call' class='avia-section main_color avia-section-no-padding avia-no-border-styling avia-bg-style-scroll  avia-builder-el-1  el_after_av_section  el_before_av_section    container_wrap sidebar_right' style='background-repeat: no-repeat; background-image: url(https:\/\/symbiotica.cl\/wp-content\/uploads\/2025\/01\/patron-fundacion-916x1030.png);background-attachment: scroll; background-position: top center;  '  data-section-bg-repeat='no-repeat'><div class='container' ><div class='template-page content  av-content-small alpha units'><div class='post-entry post-entry-type-page post-entry-3245'><div class='entry-content-wrapper clearfix'>\n<div class=\"flex_column av_one_fifth  flex_column_div av-zero-column-padding first  avia-builder-el-2  el_before_av_three_fifth  avia-builder-el-first  team-call-text \" style='border-radius:0px; '><\/div><div class=\"flex_column av_three_fifth  flex_column_div av-zero-column-padding   avia-builder-el-3  el_after_av_one_fifth  el_before_av_one_fifth  team-call-text \" style='border-radius:0px; '><p><div style='height:40px' class='hr hr-invisible   avia-builder-el-4  el_before_av_heading  avia-builder-el-first  '><span class='hr-inner ' ><span class='hr-inner-style'><\/span><\/span><\/div><br \/>\n<div style='padding-bottom:30px; color:#e5bf7a;font-size:38px;' class='av-special-heading av-special-heading-h1 custom-color-heading blockquote modern-quote modern-centered  avia-builder-el-5  el_after_av_hr  el_before_av_textblock   av-inherit-size '><h1 class='av-special-heading-tag '  itemprop=\"headline\"  >Fundaci\u00f3n Symbi\u00f3tica<\/h1><div class='special-heading-border'><div class='special-heading-inner-border' style='border-color:#e5bf7a'><\/div><\/div><\/div><br \/>\n<section class=\"av_textblock_section \"  itemscope=\"itemscope\" itemtype=\"https:\/\/schema.org\/CreativeWork\" ><div class='avia_textblock  av_inherit_color '  style='font-size:20px; color:#ffffff; '  itemprop=\"text\" ><p style=\"text-align: center;\">A trav\u00e9s de Fundaci\u00f3n Symbi\u00f3tica, nos enfocamos en la conservaci\u00f3n de biodiversidad amenazada. Buena parte de nuestra flora, fauna y funga nativas est\u00e1n perturbadas ante la afectaci\u00f3n de sus ecosistemas. Para revertir este complejo escenario, desarrollamos estudios y talleres comunitarios que concentran los esfuerzos en recabar y difundir exitosamente informaci\u00f3n clave para el cuidado de diversas especies y paisajes.<\/p>\n<\/div><\/section><br \/>\n<div style='padding-bottom:30px; color:#e5bf7a;font-size:38px;' class='av-special-heading av-special-heading-h3 custom-color-heading blockquote modern-quote modern-centered  avia-builder-el-7  el_after_av_textblock  el_before_av_masonry_entries  avia-builder-el-last   av-inherit-size '><h3 class='av-special-heading-tag '  itemprop=\"headline\"  >Proyectos<\/h3><div class='special-heading-border'><div class='special-heading-inner-border' style='border-color:#e5bf7a'><\/div><\/div><\/div><br \/>\n<div id='av-masonry-1' class='av-masonry  noHover av-fixed-size av-no-gap av-hover-overlay-active av-masonry-animation-active av-masonry-col-2 av-caption-on-hover av-caption-style-overlay    '  ><div class='av-masonry-container isotope av-js-disabled ' ><div class='av-masonry-entry isotope-item av-masonry-item-no-image '><\/div><a href=\"https:\/\/symbiotica.cl\/?p=4000\" id='av-masonry-1-item-4000' data-av-masonry-item='4000' class='av-masonry-entry isotope-item post-4000 post type-post status-publish format-standard has-post-thumbnail hentry category-fundacion  av-masonry-item-with-image' title=\"Proyectograntssymbioticasp-2\"  itemscope=\"itemscope\" itemtype=\"https:\/\/schema.org\/CreativeWork\" ><div class='av-inner-masonry-sizer'><\/div><figure class='av-inner-masonry main_color'><div class=\"av-masonry-outerimage-container\"><div class=\"av-masonry-image-container\" style=\"background-image: url(https:\/\/symbiotica.cl\/wp-content\/uploads\/2025\/01\/Proyectograntssymbioticasp-2-705x470.jpg);\" title=\"Proyectograntssymbioticasp-2\" ><\/div><\/div><figcaption class='av-inner-masonry-content site-background'><div class='av-inner-masonry-content-pos'><div class='av-inner-masonry-content-pos-content'><div class='avia-arrow'><\/div><h3 class='av-masonry-entry-title entry-title '  itemprop=\"headline\" >GRANTS Patagonia<\/h3><span class='av-masonry-date meta-color updated'>mayo 14, 2025<\/span><span class=\"av-masonry-text-sep text-sep-author\">\/<\/span><span class='av-masonry-author meta-color vcard author'><span class='fn'>por 4dm1n<\/span><\/span><\/div><\/div><\/figcaption><\/figure><\/a><!--end av-masonry entry--><a href=\"https:\/\/symbiotica.cl\/?p=3979\" id='av-masonry-1-item-3979' data-av-masonry-item='3979' class='av-masonry-entry isotope-item post-3979 post type-post status-publish format-standard has-post-thumbnail hentry category-fundacion  av-masonry-item-with-image' title=\"censod1-2\"  itemscope=\"itemscope\" itemtype=\"https:\/\/schema.org\/CreativeWork\" ><div class='av-inner-masonry-sizer'><\/div><figure class='av-inner-masonry main_color'><div class=\"av-masonry-outerimage-container\"><div class=\"av-masonry-image-container\" style=\"background-image: url(https:\/\/symbiotica.cl\/wp-content\/uploads\/2025\/05\/censod1-2-705x470.jpg);\" title=\"censod1-2\" ><\/div><\/div><figcaption class='av-inner-masonry-content site-background'><div class='av-inner-masonry-content-pos'><div class='av-inner-masonry-content-pos-content'><div class='avia-arrow'><\/div><h3 class='av-masonry-entry-title entry-title '  itemprop=\"headline\" >Censo Flamencos<\/h3><span class='av-masonry-date meta-color updated'>mayo 14, 2025<\/span><span class=\"av-masonry-text-sep text-sep-author\">\/<\/span><span class='av-masonry-author meta-color vcard author'><span class='fn'>por 4dm1n<\/span><\/span><\/div><\/div><\/figcaption><\/figure><\/a><!--end av-masonry entry--><\/div><\/div><br \/>\n<section class=\"av_textblock_section \"  itemscope=\"itemscope\" itemtype=\"https:\/\/schema.org\/CreativeWork\" ><div class='avia_textblock  av_inherit_color '  style='font-size:20px; color:#ffffff; '  itemprop=\"text\" ><p style=\"text-align: center;\">Comprender la compleja imbricaci\u00f3n de los diversos agentes es nuestra apuesta. Queremos aportar en el desarrollo de la conservaci\u00f3n ambiental integral y eficaz, que considere los diversos aspectos que componen e influyen en los componentes de los ecosistemas: flora, fauna, funga, comunidades y actividades productivas, y a las interacciones entre estos agentes, lo que nos permitir\u00e1 mejorar nuestro entendimiento y las acciones protectoras que debemos proponer.<\/p>\n<\/div><\/section><br \/>\n<div style='height:150px' class='hr hr-invisible   avia-builder-el-10  el_after_av_textblock  avia-builder-el-last  '><span class='hr-inner ' ><span class='hr-inner-style'><\/span><\/span><\/div><\/p><\/div><div class=\"flex_column av_one_fifth  flex_column_div av-zero-column-padding   avia-builder-el-11  el_after_av_three_fifth  avia-builder-el-last  team-call-text \" style='border-radius:0px; '><\/div>\n\n<\/div><\/div><\/div><!-- close content main div --><\/div><\/div><div id='av_section_3' class='avia-section main_color avia-section-no-padding avia-no-border-styling avia-bg-style-scroll  avia-builder-el-12  el_after_av_section  el_before_av_section  main-video  container_wrap sidebar_right' style=' '  ><div class='container' ><div class='template-page content  av-content-small alpha units'><div class='post-entry post-entry-type-page post-entry-3245'><div class='entry-content-wrapper clearfix'>\n<div class='av-alb-blogposts template-blog  av-blog-meta-author-disabled av-blog-meta-comments-disabled av-blog-meta-category-disabled av-blog-meta-date-disabled av-blog-meta-html-info-disabled av-blog-meta-tag-disabled '  itemscope=\"itemscope\" itemtype=\"https:\/\/schema.org\/Blog\" ><article class='post-entry post-entry-type-link post-entry-3543 post-loop-1 post-parity-odd post-entry-last single-big with-slider post-3543 post type-post status-publish format-link has-post-thumbnail hentry category-video-fundacion post_format-post-format-link'  itemscope=\"itemscope\" itemtype=\"https:\/\/schema.org\/BlogPosting\" ><div class=\"big-preview single-big\"><a href=\"https:\/\/www.youtube.com\/watch?v=9ubAAJceC2o&amp;t=1s\" title=\"Video Fundacion\"><img width=\"845\" height=\"321\" src=\"https:\/\/symbiotica.cl\/wp-content\/uploads\/2025\/01\/Captura-de-pantalla-2025-01-15-a-las-6.59.03\u202fp.m-845x321.png\" class=\"attachment-entry_with_sidebar size-entry_with_sidebar wp-post-image\" alt=\"\" loading=\"lazy\" \/><\/a><\/div><div class='blog-meta'><\/div><div class='entry-content-wrapper clearfix link-content'><header class=\"entry-content-header\"><h2 class='post-title entry-title '  itemprop=\"headline\" ><a href='https:\/\/www.youtube.com\/watch?v=9ubAAJceC2o&amp;t=1s' rel='bookmark' title='Enlace a: Video Fundacion'  itemprop=\"headline\" >Video Fundacion<\/a><\/h2><span class='post-meta-infos'><time class='date-container minor-meta updated' >enero 15, 2025<\/time><span class='text-sep text-sep-date'>\/<\/span><span class='comment-container minor-meta'><a href=\"https:\/\/symbiotica.cl\/?p=3543#respond\" class=\"comments-link\" >0 Comentarios<\/a><\/span><span class='text-sep text-sep-comment'>\/<\/span><span class=\"blog-categories minor-meta\">en <a href=\"https:\/\/symbiotica.cl\/?cat=40\" rel=\"tag\">video fundacion<\/a> <\/span><span class=\"text-sep text-sep-cat\">\/<\/span><span class=\"blog-author minor-meta\">por <span class=\"entry-author-link\" ><span class=\"vcard author\"><span class=\"fn\"><a href=\"https:\/\/symbiotica.cl\/?author=1\" title=\"Entradas de 4dm1n\" rel=\"author\">4dm1n<\/a><\/span><\/span><\/span><\/span><\/span><\/header><div class=\"entry-content\"  itemprop=\"text\" ><\/div><footer class=\"entry-footer\"><\/footer><div class='post_delimiter'><\/div><\/div><div class='post_author_timeline'><\/div><span class='hidden'>\n\t\t\t<span class='av-structured-data'  itemprop=\"image\" itemscope=\"itemscope\" itemtype=\"https:\/\/schema.org\/ImageObject\"  itemprop='image'>\n\t\t\t\t\t   <span itemprop='url' >https:\/\/symbiotica.cl\/wp-content\/uploads\/2025\/01\/Captura-de-pantalla-2025-01-15-a-las-6.59.03\u202fp.m.png<\/span>\n\t\t\t\t\t   <span itemprop='height' >1912<\/span>\n\t\t\t\t\t   <span itemprop='width' >2940<\/span>\n\t\t\t\t  <\/span><span class='av-structured-data'  itemprop=\"publisher\" itemtype=\"https:\/\/schema.org\/Organization\" itemscope=\"itemscope\" >\n\t\t\t\t<span itemprop='name'>4dm1n<\/span>\n\t\t\t\t<span itemprop='logo' itemscope itemtype='https:\/\/schema.org\/ImageObject'>\n\t\t\t\t   <span itemprop='url'>https:\/\/symbiotica.cl\/wp-content\/uploads\/2022\/01\/menu-logo.png<\/span>\n\t\t\t\t <\/span>\n\t\t\t  <\/span><span class='av-structured-data'  itemprop=\"author\" itemscope=\"itemscope\" itemtype=\"https:\/\/schema.org\/Person\" ><span itemprop='name'>4dm1n<\/span><\/span><span class='av-structured-data'  itemprop=\"datePublished\" datetime=\"2025-01-15T21:56:29+00:00\" >2025-01-15 21:56:29<\/span><span class='av-structured-data'  itemprop=\"dateModified\" itemtype=\"https:\/\/schema.org\/dateModified\" >2025-01-15 22:00:35<\/span><span class='av-structured-data'  itemprop=\"mainEntityOfPage\" itemtype=\"https:\/\/schema.org\/mainEntityOfPage\" ><span itemprop='name'>Video Fundacion<\/span><\/span><\/span><\/article><div class='single-big'><\/div><\/div>\n\n<\/div><\/div><\/div><!-- close content main div --><\/div><\/div><div id='team-call' class='avia-section main_color avia-section-no-padding avia-no-border-styling avia-bg-style-scroll    container_wrap sidebar_right' style='background-repeat: no-repeat; background-image: url(https:\/\/symbiotica.cl\/wp-content\/uploads\/2025\/01\/patron-fundacion-916x1030.png);background-attachment: scroll; background-position: top center;  '  data-section-bg-repeat='no-repeat'><div class='container' ><div class='template-page content  av-content-small alpha units'><div class='post-entry post-entry-type-page post-entry-3245'><div class='entry-content-wrapper clearfix'>\n<div class=\"flex_column av_one_fifth  flex_column_div av-zero-column-padding first  team-call-text \" style='border-radius:0px; '><\/div><div class=\"flex_column av_three_fifth  flex_column_div av-zero-column-padding   team-call-text \" style='border-radius:0px; '><p><div style='height:40px' class='hr hr-invisible   '><span class='hr-inner ' ><span class='hr-inner-style'><\/span><\/span><\/div><br \/>\n<section class=\"av_textblock_section \"  itemscope=\"itemscope\" itemtype=\"https:\/\/schema.org\/BlogPosting\" itemprop=\"blogPost\" ><div class='avia_textblock  av_inherit_color '  style='font-size:20px; color:#ffffff; '  itemprop=\"text\" ><iframe width=\"100%\" height=\"600px\" src=\"https:\/\/api.mapbox.com\/styles\/v1\/alonsofc\/cm5o9ht2t00hv01rzdczh2u0e.html?title=false&#038;access_token=pk.eyJ1IjoiYWxvbnNvZmMiLCJhIjoiY2o4b2wybHp3MDQ3bDJxcDFuenE1M2R3biJ9.kNpz9df5frc0T4a41gl21w&#038;zoomwheel=false#3.5\/-32.102\/-69.311\" title=\"Todos\" style=\"border:none;\"><\/iframe>\n<\/div><\/section><br \/>\n<div style='height:150px' class='hr hr-invisible   '><span class='hr-inner ' ><span class='hr-inner-style'><\/span><\/span><\/div><\/p><\/div><div class=\"flex_column av_one_fifth  flex_column_div av-zero-column-padding   team-call-text \" style='border-radius:0px; '><\/div><\/div><\/div><\/div><!-- close content main div --><\/div><\/div><div id='after_section_4' class='main_color av_default_container_wrap container_wrap sidebar_right' style=' '  ><div class='container' ><div class='template-page content  av-content-small alpha units'><div class='post-entry post-entry-type-page post-entry-3245'><div class='entry-content-wrapper clearfix'><\/div><\/div><\/div><!-- close content main div --><\/div><\/div><div id='partners' class='avia-section main_color avia-section-small avia-no-border-styling avia-bg-style-scroll    container_wrap sidebar_right' style='background-color: #efebe6;  '  ><div class='container' ><div class='template-page content  av-content-small alpha units'><div class='post-entry post-entry-type-page post-entry-3245'><div class='entry-content-wrapper clearfix'>\n<div class=\"flex_column av_one_fifth  flex_column_div first  \" ><\/div><div class=\"flex_column av_three_fifth  flex_column_div   \" ><p><div style='padding-bottom:10px; margin:0 0 0 0; color:#455f56;font-size:36px;' class='av-special-heading av-special-heading-h1 custom-color-heading blockquote modern-quote modern-centered   av-inherit-size '><h1 class='av-special-heading-tag '  itemprop=\"headline\"  >\u00daNETE AL MICELIO DE SYMBIOTICA<\/h1><div class='special-heading-border'><div class='special-heading-inner-border' style='border-color:#455f56'><\/div><\/div><\/div><br \/>\n<div style='padding-bottom:0px; color:#698980;font-size:17px;' class='av-special-heading av-special-heading-h5 custom-color-heading blockquote modern-quote modern-centered   av-inherit-size '><h5 class='av-special-heading-tag '  itemprop=\"headline\"  >Cont\u00e1ctanos para ser parte activa de la regeneraci\u00f3n contacto@symbiotica.cl<\/h5><div class='special-heading-border'><div class='special-heading-inner-border' style='border-color:#698980'><\/div><\/div><\/div><\/p><\/div><div class=\"flex_column av_one_fifth  flex_column_div   \" ><\/div>\n<\/div><\/div><\/div><!-- close content main div --><\/div><\/div><div id='after_section_5' class='main_color av_default_container_wrap container_wrap sidebar_right' style=' '  ><div class='container' ><div class='template-page content  av-content-small alpha units'><div class='post-entry post-entry-type-page post-entry-3245'><div class='entry-content-wrapper clearfix'><\/p>\n","protected":false},"excerpt":{"rendered":"","protected":false},"author":1,"featured_media":0,"parent":0,"menu_order":0,"comment_status":"closed","ping_status":"closed","template":"","meta":[],"yoast_head":"<!-- This site is optimized with the Yoast SEO plugin v15.4 - https:\/\/yoast.com\/wordpress\/plugins\/seo\/ -->\n<title>Fundaci\u00f3n - Symbiotica<\/title>\n<meta name=\"robots\" content=\"index, follow, max-snippet:-1, max-image-preview:large, max-video-preview:-1\" \/>\n<link rel=\"canonical\" href=\"https:\/\/symbiotica.cl\/?page_id=3245\" \/>\n<meta property=\"og:locale\" content=\"es_ES\" \/>\n<meta property=\"og:type\" content=\"article\" \/>\n<meta property=\"og:title\" content=\"Fundaci\u00f3n - Symbiotica\" \/>\n<meta property=\"og:url\" content=\"https:\/\/symbiotica.cl\/?page_id=3245\" \/>\n<meta property=\"og:site_name\" content=\"Symbiotica\" \/>\n<meta property=\"article:publisher\" content=\"https:\/\/www.facebook.com\/symbiotica.cl\" \/>\n<meta property=\"article:modified_time\" content=\"2025-05-14T22:42:47+00:00\" \/>\n<meta name=\"twitter:card\" content=\"summary_large_image\" \/>\n<meta name=\"twitter:label1\" content=\"Escrito por\">\n\t<meta name=\"twitter:data1\" content=\"4dm1n\">\n\t<meta name=\"twitter:label2\" content=\"Tiempo de lectura\">\n\t<meta name=\"twitter:data2\" content=\"9 minutos\">\n<script type=\"application\/ld+json\" class=\"yoast-schema-graph\">{\"@context\":\"https:\/\/schema.org\",\"@graph\":[{\"@type\":\"Organization\",\"@id\":\"https:\/\/symbiotica.cl\/#organization\",\"name\":\"Symbiotica\",\"url\":\"https:\/\/symbiotica.cl\/\",\"sameAs\":[\"https:\/\/www.facebook.com\/symbiotica.cl\",\"https:\/\/www.instagram.com\/symbiotica.cl\/\",\"https:\/\/www.linkedin.com\/company\/symbiotica-chile\"],\"logo\":{\"@type\":\"ImageObject\",\"@id\":\"https:\/\/symbiotica.cl\/#logo\",\"inLanguage\":\"es\",\"url\":\"https:\/\/symbiotica.cl\/wp-content\/uploads\/2020\/07\/logo-horizontal.png\",\"width\":514,\"height\":136,\"caption\":\"Symbiotica\"},\"image\":{\"@id\":\"https:\/\/symbiotica.cl\/#logo\"}},{\"@type\":\"WebSite\",\"@id\":\"https:\/\/symbiotica.cl\/#website\",\"url\":\"https:\/\/symbiotica.cl\/\",\"name\":\"Symbiotica\",\"description\":\"Soluciones Basadas en la Naturaleza\",\"publisher\":{\"@id\":\"https:\/\/symbiotica.cl\/#organization\"},\"potentialAction\":[{\"@type\":\"SearchAction\",\"target\":\"https:\/\/symbiotica.cl\/?s={search_term_string}\",\"query-input\":\"required name=search_term_string\"}],\"inLanguage\":\"es\"},{\"@type\":\"WebPage\",\"@id\":\"https:\/\/symbiotica.cl\/?page_id=3245#webpage\",\"url\":\"https:\/\/symbiotica.cl\/?page_id=3245\",\"name\":\"Fundaci\\u00f3n - Symbiotica\",\"isPartOf\":{\"@id\":\"https:\/\/symbiotica.cl\/#website\"},\"datePublished\":\"2024-12-20T13:39:42+00:00\",\"dateModified\":\"2025-05-14T22:42:47+00:00\",\"inLanguage\":\"es\",\"potentialAction\":[{\"@type\":\"ReadAction\",\"target\":[\"https:\/\/symbiotica.cl\/?page_id=3245\"]}]}]}<\/script>\n<!-- \/ Yoast SEO plugin. -->","_links":{"self":[{"href":"https:\/\/symbiotica.cl\/index.php?rest_route=\/wp\/v2\/pages\/3245"}],"collection":[{"href":"https:\/\/symbiotica.cl\/index.php?rest_route=\/wp\/v2\/pages"}],"about":[{"href":"https:\/\/symbiotica.cl\/index.php?rest_route=\/wp\/v2\/types\/page"}],"author":[{"embeddable":true,"href":"https:\/\/symbiotica.cl\/index.php?rest_route=\/wp\/v2\/users\/1"}],"replies":[{"embeddable":true,"href":"https:\/\/symbiotica.cl\/index.php?rest_route=%2Fwp%2Fv2%2Fcomments&post=3245"}],"version-history":[{"count":50,"href":"https:\/\/symbiotica.cl\/index.php?rest_route=\/wp\/v2\/pages\/3245\/revisions"}],"predecessor-version":[{"id":3248,"href":"https:\/\/symbiotica.cl\/index.php?rest_route=\/wp\/v2\/pages\/3245\/revisions\/3248"}],"wp:attachment":[{"href":"https:\/\/symbiotica.cl\/index.php?rest_route=%2Fwp%2Fv2%2Fmedia&parent=3245"}],"curies":[{"name":"wp","href":"https:\/\/api.w.org\/{rel}","templated":true}]}}